{"id":2675,"date":"2022-02-07T11:44:06","date_gmt":"2022-02-07T09:44:06","guid":{"rendered":"https:\/\/www.tkmangula.ee\/%d0%ba%d0%b0%d1%80%d0%bc%d0%b0%d0%bd-%d0%b4%d0%bb%d1%8f-%d0%b8%d1%81%d1%82%d0%be%d1%80%d0%b8%d0%b9\/"},"modified":"2022-12-12T10:37:29","modified_gmt":"2022-12-12T10:37:29","slug":"jututasku","status":"publish","type":"page","link":"https:\/\/www.tkmangula.ee\/ru\/jututasku\/","title":{"rendered":"\u041a\u0430\u0440\u043c\u0430\u043d \u0434\u043b\u044f \u0438\u0441\u0442\u043e\u0440\u0438\u0439"},"content":{"rendered":"<p>[et_pb_section fb_built=&#187;1&#8243; specialty=&#187;on&#187; padding_top_bottom_link_1=&#187;false&#187; padding_left_right_link_1=&#187;false&#187; padding_top_1=&#187;50px&#187; padding_1_tablet=&#187;0px||||false|false&#187; padding_1_phone=&#187;&#187; padding_1_last_edited=&#187;on|phone&#187; admin_label=&#187;Header&#187; _builder_version=&#187;4.0.6&#8243; background_color=&#187;#fdf0d4&#8243; bottom_divider_style=&#187;wave&#187; bottom_divider_color=&#187;#fefaf1&#8243; bottom_divider_height=&#187;200px&#187; bottom_divider_repeat=&#187;1.2x&#187;][et_pb_column type=&#187;1_2&#8243; specialty_columns=&#187;2&#8243; _builder_version=&#187;3.25&#8243; custom_padding=&#187;|||&#187; custom_padding__hover=&#187;|||&#187;][et_pb_row_inner _builder_version=&#187;4.0.6&#8243; min_height=&#187;274px&#187; custom_margin=&#187;||||false|false&#187; custom_margin_last_edited=&#187;off|tablet&#187; custom_padding=&#187;27px|||||&#187;][et_pb_column_inner saved_specialty_column_type=&#187;1_2&#8243; _builder_version=&#187;4.0.6&#8243;][et_pb_divider color=&#187;#f9ce6e&#187; divider_position=&#187;center&#187; divider_weight=&#187;1px&#187; _builder_version=&#187;4.3.2&#8243; width=&#187;120px&#187; height=&#187;7px&#187; custom_margin=&#187;|-13px||||&#187; box_shadow_style=&#187;preset7&#8243; box_shadow_horizontal=&#187;40px&#187; box_shadow_vertical=&#187;0px&#187; box_shadow_color=&#187;#f9ce6e&#187; locked=&#187;off&#187;][\/et_pb_divider][et_pb_text _builder_version=&#187;4.0.6&#8243; text_font=&#187;Open Sans||||||||&#187; text_text_color=&#187;#000000&#8243; text_font_size=&#187;16px&#187; text_line_height=&#187;1.8em&#187; header_font=&#187;Georgia|700|||||||&#187; header_font_size=&#187;48px&#187; header_line_height=&#187;1.2em&#187; hover_enabled=&#187;0&#8243; header_font_size_tablet=&#187;40px&#187; header_font_size_phone=&#187;30px&#187; header_font_size_last_edited=&#187;on|phone&#187; inline_fonts=&#187;Abel,Georgia&#187; header_text_align=&#187;center&#187; custom_margin=&#187;||0px||false|false&#187;]<\/p>\n<h1>\u041a\u0430\u0440\u043c\u0430\u043d \u0434\u043b\u044f \u0438\u0441\u0442\u043e\u0440\u0438\u0439<\/h1>\n<p>[\/et_pb_text][et_pb_text _builder_version=&#187;4.0.6&#8243; text_font=&#187;Open Sans||||||||&#187; text_text_color=&#187;#000000&#8243; text_font_size=&#187;16px&#187; text_line_height=&#187;1.8em&#187; header_font=&#187;Georgia|700|||||||&#187; header_font_size=&#187;48px&#187; header_line_height=&#187;1.2em&#187; custom_margin=&#187;||-10px|||&#187; hover_enabled=&#187;0&#8243; header_font_size_tablet=&#187;40px&#187; header_font_size_phone=&#187;30px&#187; header_font_size_last_edited=&#187;on|phone&#187; inline_fonts=&#187;Abel,Georgia&#187; header_text_align=&#187;center&#187;]<\/p>\n<p>Tkm\u00e4nguLa \u043d\u0430\u0448\u043b\u0430 \u0432\u043e\u043b\u0448\u0435\u0431\u043d\u0443\u044e \u043a\u043d\u043e\u043f\u043a\u0443, \u043a\u043e\u0442\u043e\u0440\u0430\u044f \u043e\u0442\u043a\u0440\u044b\u043b\u0430 &#171;\u041a\u0430\u0440\u043c\u0430\u043d \u0434\u043b\u044f \u0438\u0441\u0442\u043e\u0440\u0438\u0439&#187; \u041a\u0430\u0436\u0434\u044b\u0439 \u043a\u0430\u0440\u043c\u0430\u043d \u0443\u043d\u0438\u043a\u0430\u043b\u0435\u043d, \u043e\u0441\u043e\u0431\u0435\u043d\u043d\u044b\u0439 \u0438 \u0441\u043e \u0441\u0432\u043e\u0438\u043c \u043e\u0441\u043e\u0431\u044b\u043c \u043f\u043e\u0441\u044b\u043b\u043e\u043c. \u0418\u0437 \u043a\u0430\u0440\u043c\u0430\u043d\u0430 \u0441\u043b\u044b\u0448\u043d\u044b \u0442\u043e\u043b\u044c\u043a\u043e \u043e\u0440\u0438\u0433\u0438\u043d\u0430\u043b\u044c\u043d\u044b\u0435 \u0438\u0441\u0442\u043e\u0440\u0438\u0438, \u0432\u0435\u0441\u0435\u043b\u044b\u0435, \u0438\u0433\u0440\u043e\u0432\u044b\u0435, \u0437\u0430\u0445\u0432\u0430\u0442\u044b\u0432\u0430\u044e\u0449\u0438\u0435, \u0430 \u0442\u0430\u043a\u0436\u0435 \u043f\u043e\u0443\u0447\u0438\u0442\u0435\u043b\u044c\u043d\u044b\u0435.<\/p>\n<p>\u041c\u0430\u043b\u0435\u043d\u044c\u043a\u0430\u044f \u043f\u043e\u043c\u043e\u0449\u043d\u0438\u0446\u0430 \u0432 \u043a\u0430\u0440\u043c\u0430\u043d\u0435 \u0438\u0441\u0442\u043e\u0440\u0438\u0439 &#8212; \u043c\u0438\u043b\u0430\u044f \u0434\u0435\u0432\u043e\u0447\u043a\u0430 \u0414\u0435\u043b\u0438\u0441\u0430, \u043a\u043e\u0442\u043e\u0440\u0430\u044f \u0441 \u0431\u043e\u043b\u044c\u0448\u043e\u0439 \u0440\u0430\u0434\u043e\u0441\u0442\u044c\u044e \u0438 \u0443\u0441\u0435\u0440\u0434\u0438\u0435\u043c \u0440\u0438\u0441\u0443\u0435\u0442 \u043a\u0430\u0440\u0442\u0438\u043d\u043a\u0438 \u0434\u043b\u044f \u043a\u0430\u0436\u0434\u043e\u0439 \u043d\u043e\u0432\u043e\u0439 \u0438\u0441\u0442\u043e\u0440\u0438\u0438.<\/p>\n<p>[\/et_pb_text][\/et_pb_column_inner][\/et_pb_row_inner][et_pb_row_inner _builder_version=&#187;4.0.6&#8243; custom_margin=&#187;-11px|||||&#187;][et_pb_column_inner saved_specialty_column_type=&#187;1_2&#8243; _builder_version=&#187;4.0.6&#8243;][et_pb_text _builder_version=&#187;4.0.6&#8243; text_text_color=&#187;#000000&#8243; custom_margin=&#187;-7px|||||&#187; hover_enabled=&#187;0&#8243;]<\/p>\n<p>&#8212; &#171;\u0420\u043e\u0436\u0434\u0435\u0441\u0442\u0432\u0435\u043d\u0441\u043a\u043e\u0435 \u043f\u043e\u0436\u0435\u043b\u0430\u043d\u0438\u0435!&#187;<br \/> &#8212; &#171;\u041a\u0443\u0441\u043e\u0447\u0435\u043a \u043f\u0430\u0437\u043b\u0430 \u041f\u0438\u0430&#187;<br \/> &#8212; &#171;\u041a\u0430\u0439\u0441\u0430 \u0438 \u0435\u0451 \u043b\u043e\u0432\u0435\u0446 \u0441\u043d\u043e\u0432&#187;<br \/> &#8212; &#171;\u0414\u0440\u0443\u0436\u0435\u043b\u044e\u0431\u043d\u043e\u0435 \u043c\u044b\u043b\u043e&#187;<br \/> &#8212; &#171;\u0425\u0430\u043d\u043d\u0430 \u0438 \u0435\u0435 \u043d\u043e\u0432\u044b\u0435 \u0434\u0440\u0443\u0437\u044c\u044f (\u0447\u0430\u0441\u0442\u0438 I-IV)&#187;<br \/>  &#8212; &#8230;&#8230;..<\/p>\n<p>[\/et_pb_text][et_pb_text _builder_version=&#187;4.0.6&#8243; text_text_color=&#187;#000000&#8243; custom_margin=&#187;-7px|||||&#187; hover_enabled=&#187;0&#8243;]<\/p>\n<ul>\n<li>\u0410\u0432\u0442\u043e\u0440 \u0441\u043a\u0430\u0437\u043a\u0438 \u0438 \u0433\u043e\u043b\u043e\u0441: \u0422\u0438\u0439\u0443 \u041a\u0430\u0441\u0441<\/li>\n<li>\u0418\u043b\u043b\u044e\u0441\u0442\u0440\u0430\u0442\u043e\u0440: \u0414\u0435\u043b\u0438\u0441\u0430 \u0422\u044d\u044d\u044f\u044d\u0440\u0435<\/li>\n<li>\u0412\u0438\u0434\u0435\u043e: \u0422\u0438\u0439\u0443 \u041a\u0430\u0441\u0441<\/li>\n<li>\u041e\u0431\u0440\u0430\u0437: \u0420\u043e\u043b\u044c\u0444 \u041f\u044b\u0445\u044c\u044f\u043b\u0430<\/li>\n<\/ul>\n<p>\u041f\u0440\u0438\u0433\u043b\u0430\u0448\u0430\u0435\u043c \u0431\u043e\u043b\u044c\u0448\u0438\u0445 \u0438 \u043c\u0430\u043b\u0435\u043d\u044c\u043a\u0438\u0445 \u0434\u0440\u0443\u0437\u0435\u0439 \u043f\u043e\u0441\u043b\u0443\u0448\u0430\u0442\u044c \u0438 \u043f\u0440\u0438\u0441\u043e\u0435\u0434\u0438\u043d\u0438\u0442\u044c\u0441\u044f \u043a \u043d\u0430\u043c.<br \/>\n\u041a\u0440\u043e\u043c\u0435 \u0442\u043e\u0433\u043e, \u043c\u044b \u0442\u0430\u043a\u0436\u0435 \u0436\u0434\u0435\u043c \u0432\u0430\u0448\u0438\u0445 \u0441\u043e\u0431\u0441\u0442\u0432\u0435\u043d\u043d\u044b\u0445 \u0437\u0430\u043c\u0435\u0447\u0430\u0442\u0435\u043b\u044c\u043d\u044b\u0445 \u0438\u0434\u0435\u0439\/\u043c\u044b\u0441\u043b\u0435\u0439\/\u0442\u0435\u043c, \u043e \u043a\u043e\u0442\u043e\u0440\u044b\u0445 \u0420\u0430\u0441\u0441\u043a\u0430\u0437\u0447\u0438\u043a \u043c\u043e\u0433 \u0431\u044b \u043d\u0430\u043f\u0438\u0441\u0430\u0442\u044c \u0440\u0430\u0441\u0441\u043a\u0430\u0437. \u0412\u044b \u043c\u043e\u0436\u0435\u0442\u0435 \u0441\u043e\u043e\u0431\u0449\u0438\u0442\u044c \u043e \u0441\u0432\u043e\u0438\u0445 \u043f\u043e\u0436\u0435\u043b\u0430\u043d\u0438\u044f\u0445 \u043f\u043e \u0430\u0434\u0440\u0435\u0441\u0443 <a href=\"&#x6d;a&#x69;&#108;t&#x6f;&#58;&#x69;&#110;f&#x6f;&#64;&#x74;&#107;m&#x61;&#110;&#x67;&#x75;l&#x61;&#46;e&#x65;\" target=\"_blank\" rel=\"noopener noreferrer\">&#105;&#x6e;f&#111;&#x40;t&#107;&#x6d;a&#110;&#x67;u&#108;&#x61;&#46;&#101;&#x65;<\/a>[\/et_pb_text][et_pb_text _builder_version=&#187;4.0.6&#8243; text_text_color=&#187;#000000&#8243; custom_margin=&#187;-7px|||||&#187; hover_enabled=&#187;0&#8243;]\u041f\u043e\u0441\u043b\u0443\u0448\u0430\u0442\u044c \u0438\u0441\u0442\u043e\u0440\u0438\u0438 \u043c\u043e\u0436\u043d\u043e \u0437\u0434\u0435\u0441\u044c: <a href=\"https:\/\/www.youtube.com\/channel\/UCmxc_Up4S6iObOgn1Fba_6g\">https:\/\/www.youtube.com\/channel\/UCmxc_Up4S6iObOgn1Fba_6g<\/a>[\/et_pb_text][et_pb_text _builder_version=&#187;4.0.6&#8243; text_text_color=&#187;#000000&#8243; custom_margin=&#187;-7px|||||&#187; hover_enabled=&#187;0&#8243;]\u0423\u0432\u043b\u0435\u043a\u0430\u0442\u0435\u043b\u044c\u043d\u043e\u0433\u043e \u043f\u0440\u043e\u0441\u043b\u0443\u0448\u0438\u0432\u0430\u043d\u0438\u044f![\/et_pb_text][\/et_pb_column_inner][\/et_pb_row_inner][\/et_pb_column][et_pb_column type=&#187;1_2&#8243; _builder_version=&#187;3.25&#8243; custom_padding=&#187;|||&#187; custom_padding__hover=&#187;|||&#187;][et_pb_image src=&#187;https:\/\/tkmangula.ee\/wp-content\/uploads\/2020\/11\/tutor-04-1.png&#187; disabled_on=&#187;off|off|off&#187; _builder_version=&#187;4.0.6&#8243; background_image=&#187;https:\/\/www.tkmangula.ee\/wp-content\/uploads\/2022\/02\/268990207_261668722642707_1315696242434213178_n.jpeg&#187; background_position=&#187;top_right&#187; max_height_last_edited=&#187;off|tablet&#187; custom_margin=&#187;||413px||false|false&#187;][\/et_pb_image][\/et_pb_column][\/et_pb_section][et_pb_section fb_built=&#187;1&#8243; admin_label=&#187;About&#187; _builder_version=&#187;4.0.6&#8243; background_color=&#187;#fefaf1&#8243; custom_margin=&#187;||-4px|||&#187; custom_padding=&#187;1px||2px|||&#187;][\/et_pb_section]<\/p>\n","protected":false},"excerpt":{"rendered":"<p>\u041a\u0430\u0440\u043c\u0430\u043d \u0434\u043b\u044f \u0438\u0441\u0442\u043e\u0440\u0438\u0439Tkm\u00e4nguLa \u043d\u0430\u0448\u043b\u0430 \u0432\u043e\u043b\u0448\u0435\u0431\u043d\u0443\u044e \u043a\u043d\u043e\u043f\u043a\u0443, \u043a\u043e\u0442\u043e\u0440\u0430\u044f \u043e\u0442\u043a\u0440\u044b\u043b\u0430 &#171;\u041a\u0430\u0440\u043c\u0430\u043d \u0434\u043b\u044f \u0438\u0441\u0442\u043e\u0440\u0438\u0439&#187; \u041a\u0430\u0436\u0434\u044b\u0439 \u043a\u0430\u0440\u043c\u0430\u043d \u0443\u043d\u0438\u043a\u0430\u043b\u0435\u043d, \u043e\u0441\u043e\u0431\u0435\u043d\u043d\u044b\u0439 \u0438 \u0441\u043e \u0441\u0432\u043e\u0438\u043c \u043e\u0441\u043e\u0431\u044b\u043c \u043f\u043e\u0441\u044b\u043b\u043e\u043c. \u0418\u0437 \u043a\u0430\u0440\u043c\u0430\u043d\u0430 \u0441\u043b\u044b\u0448\u043d\u044b \u0442\u043e\u043b\u044c\u043a\u043e \u043e\u0440\u0438\u0433\u0438\u043d\u0430\u043b\u044c\u043d\u044b\u0435 \u0438\u0441\u0442\u043e\u0440\u0438\u0438, \u0432\u0435\u0441\u0435\u043b\u044b\u0435, \u0438\u0433\u0440\u043e\u0432\u044b\u0435, \u0437\u0430\u0445\u0432\u0430\u0442\u044b\u0432\u0430\u044e\u0449\u0438\u0435, \u0430 \u0442\u0430\u043a\u0436\u0435 \u043f\u043e\u0443\u0447\u0438\u0442\u0435\u043b\u044c\u043d\u044b\u0435. \u041c\u0430\u043b\u0435\u043d\u044c\u043a\u0430\u044f \u043f\u043e\u043c\u043e\u0449\u043d\u0438\u0446\u0430 \u0432 \u043a\u0430\u0440\u043c\u0430\u043d\u0435 \u0438\u0441\u0442\u043e\u0440\u0438\u0439 &#8212; \u043c\u0438\u043b\u0430\u044f \u0434\u0435\u0432\u043e\u0447\u043a\u0430 \u0414\u0435\u043b\u0438\u0441\u0430, \u043a\u043e\u0442\u043e\u0440\u0430\u044f \u0441 \u0431\u043e\u043b\u044c\u0448\u043e\u0439 \u0440\u0430\u0434\u043e\u0441\u0442\u044c\u044e \u0438 \u0443\u0441\u0435\u0440\u0434\u0438\u0435\u043c \u0440\u0438\u0441\u0443\u0435\u0442 \u043a\u0430\u0440\u0442\u0438\u043d\u043a\u0438 \u0434\u043b\u044f \u043a\u0430\u0436\u0434\u043e\u0439 \u043d\u043e\u0432\u043e\u0439 \u0438\u0441\u0442\u043e\u0440\u0438\u0438. &#8212; &#171;\u0420\u043e\u0436\u0434\u0435\u0441\u0442\u0432\u0435\u043d\u0441\u043a\u043e\u0435 [&hellip;]<\/p>\n","protected":false},"author":4,"featured_media":0,"parent":0,"menu_order":0,"comment_status":"closed","ping_status":"closed","template":"","meta":{"_et_pb_use_builder":"on","_et_pb_old_content":"","_et_gb_content_width":"","_glsr_average":0,"_glsr_ranking":0,"_glsr_reviews":0,"footnotes":""},"class_list":["post-2675","page","type-page","status-publish","hentry"],"yoast_head":"<!-- This site is optimized with the Yoast SEO plugin v27.3 - https:\/\/yoast.com\/product\/yoast-seo-wordpress\/ -->\n<title>\u041a\u0430\u0440\u043c\u0430\u043d \u0434\u043b\u044f \u0438\u0441\u0442\u043e\u0440\u0438\u0439 - TKM\u00e4ngula<\/title>\n<meta name=\"robots\" content=\"index, follow, max-snippet:-1, max-image-preview:large, max-video-preview:-1\" \/>\n<link rel=\"canonical\" href=\"https:\/\/www.tkmangula.ee\/ru\/jututasku\/\" \/>\n<meta property=\"og:locale\" content=\"ru_RU\" \/>\n<meta property=\"og:type\" content=\"article\" \/>\n<meta property=\"og:title\" content=\"\u041a\u0430\u0440\u043c\u0430\u043d \u0434\u043b\u044f \u0438\u0441\u0442\u043e\u0440\u0438\u0439 - TKM\u00e4ngula\" \/>\n<meta property=\"og:description\" content=\"\u041a\u0430\u0440\u043c\u0430\u043d \u0434\u043b\u044f \u0438\u0441\u0442\u043e\u0440\u0438\u0439Tkm\u00e4nguLa \u043d\u0430\u0448\u043b\u0430 \u0432\u043e\u043b\u0448\u0435\u0431\u043d\u0443\u044e \u043a\u043d\u043e\u043f\u043a\u0443, \u043a\u043e\u0442\u043e\u0440\u0430\u044f \u043e\u0442\u043a\u0440\u044b\u043b\u0430 &quot;\u041a\u0430\u0440\u043c\u0430\u043d \u0434\u043b\u044f \u0438\u0441\u0442\u043e\u0440\u0438\u0439&quot; \u041a\u0430\u0436\u0434\u044b\u0439 \u043a\u0430\u0440\u043c\u0430\u043d \u0443\u043d\u0438\u043a\u0430\u043b\u0435\u043d, \u043e\u0441\u043e\u0431\u0435\u043d\u043d\u044b\u0439 \u0438 \u0441\u043e \u0441\u0432\u043e\u0438\u043c \u043e\u0441\u043e\u0431\u044b\u043c \u043f\u043e\u0441\u044b\u043b\u043e\u043c. \u0418\u0437 \u043a\u0430\u0440\u043c\u0430\u043d\u0430 \u0441\u043b\u044b\u0448\u043d\u044b \u0442\u043e\u043b\u044c\u043a\u043e \u043e\u0440\u0438\u0433\u0438\u043d\u0430\u043b\u044c\u043d\u044b\u0435 \u0438\u0441\u0442\u043e\u0440\u0438\u0438, \u0432\u0435\u0441\u0435\u043b\u044b\u0435, \u0438\u0433\u0440\u043e\u0432\u044b\u0435, \u0437\u0430\u0445\u0432\u0430\u0442\u044b\u0432\u0430\u044e\u0449\u0438\u0435, \u0430 \u0442\u0430\u043a\u0436\u0435 \u043f\u043e\u0443\u0447\u0438\u0442\u0435\u043b\u044c\u043d\u044b\u0435. \u041c\u0430\u043b\u0435\u043d\u044c\u043a\u0430\u044f \u043f\u043e\u043c\u043e\u0449\u043d\u0438\u0446\u0430 \u0432 \u043a\u0430\u0440\u043c\u0430\u043d\u0435 \u0438\u0441\u0442\u043e\u0440\u0438\u0439 - \u043c\u0438\u043b\u0430\u044f \u0434\u0435\u0432\u043e\u0447\u043a\u0430 \u0414\u0435\u043b\u0438\u0441\u0430, \u043a\u043e\u0442\u043e\u0440\u0430\u044f \u0441 \u0431\u043e\u043b\u044c\u0448\u043e\u0439 \u0440\u0430\u0434\u043e\u0441\u0442\u044c\u044e \u0438 \u0443\u0441\u0435\u0440\u0434\u0438\u0435\u043c \u0440\u0438\u0441\u0443\u0435\u0442 \u043a\u0430\u0440\u0442\u0438\u043d\u043a\u0438 \u0434\u043b\u044f \u043a\u0430\u0436\u0434\u043e\u0439 \u043d\u043e\u0432\u043e\u0439 \u0438\u0441\u0442\u043e\u0440\u0438\u0438. - &quot;\u0420\u043e\u0436\u0434\u0435\u0441\u0442\u0432\u0435\u043d\u0441\u043a\u043e\u0435 [&hellip;]\" \/>\n<meta property=\"og:url\" content=\"https:\/\/www.tkmangula.ee\/ru\/jututasku\/\" \/>\n<meta property=\"og:site_name\" content=\"TKM\u00e4ngula\" \/>\n<meta property=\"article:publisher\" content=\"https:\/\/www.facebook.com\/tkmangula.ee\" \/>\n<meta property=\"article:modified_time\" content=\"2022-12-12T10:37:29+00:00\" \/>\n<meta property=\"og:image\" content=\"https:\/\/www.tkmangula.ee\/wp-content\/uploads\/2021\/12\/TKMA\u0308NGULA_logo_2.png\" \/>\n\t<meta property=\"og:image:width\" content=\"1920\" \/>\n\t<meta property=\"og:image:height\" content=\"823\" \/>\n\t<meta property=\"og:image:type\" content=\"image\/png\" \/>\n<meta name=\"twitter:card\" content=\"summary_large_image\" \/>\n<meta name=\"twitter:label1\" content=\"\u041f\u0440\u0438\u043c\u0435\u0440\u043d\u043e\u0435 \u0432\u0440\u0435\u043c\u044f \u0434\u043b\u044f \u0447\u0442\u0435\u043d\u0438\u044f\" \/>\n\t<meta name=\"twitter:data1\" content=\"2 \u043c\u0438\u043d\u0443\u0442\u044b\" \/>\n<script type=\"application\/ld+json\" class=\"yoast-schema-graph\">{\"@context\":\"https:\\\/\\\/schema.org\",\"@graph\":[{\"@type\":\"WebPage\",\"@id\":\"https:\\\/\\\/www.tkmangula.ee\\\/ru\\\/jututasku\\\/\",\"url\":\"https:\\\/\\\/www.tkmangula.ee\\\/ru\\\/jututasku\\\/\",\"name\":\"\u041a\u0430\u0440\u043c\u0430\u043d \u0434\u043b\u044f \u0438\u0441\u0442\u043e\u0440\u0438\u0439 - TKM\u00e4ngula\",\"isPartOf\":{\"@id\":\"https:\\\/\\\/tkmangula.ee\\\/#website\"},\"datePublished\":\"2022-02-07T09:44:06+00:00\",\"dateModified\":\"2022-12-12T10:37:29+00:00\",\"breadcrumb\":{\"@id\":\"https:\\\/\\\/www.tkmangula.ee\\\/ru\\\/jututasku\\\/#breadcrumb\"},\"inLanguage\":\"ru-RU\",\"potentialAction\":[{\"@type\":\"ReadAction\",\"target\":[\"https:\\\/\\\/www.tkmangula.ee\\\/ru\\\/jututasku\\\/\"]}]},{\"@type\":\"BreadcrumbList\",\"@id\":\"https:\\\/\\\/www.tkmangula.ee\\\/ru\\\/jututasku\\\/#breadcrumb\",\"itemListElement\":[{\"@type\":\"ListItem\",\"position\":1,\"name\":\"Home\",\"item\":\"https:\\\/\\\/www.tkmangula.ee\\\/ru\\\/\"},{\"@type\":\"ListItem\",\"position\":2,\"name\":\"\u041a\u0430\u0440\u043c\u0430\u043d \u0434\u043b\u044f \u0438\u0441\u0442\u043e\u0440\u0438\u0439\"}]},{\"@type\":\"WebSite\",\"@id\":\"https:\\\/\\\/tkmangula.ee\\\/#website\",\"url\":\"https:\\\/\\\/tkmangula.ee\\\/\",\"name\":\"TKM\u00e4ngula\",\"description\":\"Peojuht laste s\u00fcnnip\u00e4evadele ja pidudele\",\"publisher\":{\"@id\":\"https:\\\/\\\/tkmangula.ee\\\/#organization\"},\"potentialAction\":[{\"@type\":\"SearchAction\",\"target\":{\"@type\":\"EntryPoint\",\"urlTemplate\":\"https:\\\/\\\/tkmangula.ee\\\/?s={search_term_string}\"},\"query-input\":{\"@type\":\"PropertyValueSpecification\",\"valueRequired\":true,\"valueName\":\"search_term_string\"}}],\"inLanguage\":\"ru-RU\"},{\"@type\":\"Organization\",\"@id\":\"https:\\\/\\\/tkmangula.ee\\\/#organization\",\"name\":\"TK M\u00e4ngula\",\"url\":\"https:\\\/\\\/tkmangula.ee\\\/\",\"logo\":{\"@type\":\"ImageObject\",\"inLanguage\":\"ru-RU\",\"@id\":\"https:\\\/\\\/tkmangula.ee\\\/#\\\/schema\\\/logo\\\/image\\\/\",\"url\":\"https:\\\/\\\/tkmangula.ee\\\/wp-content\\\/uploads\\\/2021\\\/12\\\/TKMA\u0308NGULA_logo.png\",\"contentUrl\":\"https:\\\/\\\/tkmangula.ee\\\/wp-content\\\/uploads\\\/2021\\\/12\\\/TKMA\u0308NGULA_logo.png\",\"width\":1920,\"height\":1900,\"caption\":\"TK M\u00e4ngula\"},\"image\":{\"@id\":\"https:\\\/\\\/tkmangula.ee\\\/#\\\/schema\\\/logo\\\/image\\\/\"},\"sameAs\":[\"https:\\\/\\\/www.facebook.com\\\/tkmangula.ee\"]}]}<\/script>\n<!-- \/ Yoast SEO plugin. -->","yoast_head_json":{"title":"\u041a\u0430\u0440\u043c\u0430\u043d \u0434\u043b\u044f \u0438\u0441\u0442\u043e\u0440\u0438\u0439 - TKM\u00e4ngula","robots":{"index":"index","follow":"follow","max-snippet":"max-snippet:-1","max-image-preview":"max-image-preview:large","max-video-preview":"max-video-preview:-1"},"canonical":"https:\/\/www.tkmangula.ee\/ru\/jututasku\/","og_locale":"ru_RU","og_type":"article","og_title":"\u041a\u0430\u0440\u043c\u0430\u043d \u0434\u043b\u044f \u0438\u0441\u0442\u043e\u0440\u0438\u0439 - TKM\u00e4ngula","og_description":"\u041a\u0430\u0440\u043c\u0430\u043d \u0434\u043b\u044f \u0438\u0441\u0442\u043e\u0440\u0438\u0439Tkm\u00e4nguLa \u043d\u0430\u0448\u043b\u0430 \u0432\u043e\u043b\u0448\u0435\u0431\u043d\u0443\u044e \u043a\u043d\u043e\u043f\u043a\u0443, \u043a\u043e\u0442\u043e\u0440\u0430\u044f \u043e\u0442\u043a\u0440\u044b\u043b\u0430 \"\u041a\u0430\u0440\u043c\u0430\u043d \u0434\u043b\u044f \u0438\u0441\u0442\u043e\u0440\u0438\u0439\" \u041a\u0430\u0436\u0434\u044b\u0439 \u043a\u0430\u0440\u043c\u0430\u043d \u0443\u043d\u0438\u043a\u0430\u043b\u0435\u043d, \u043e\u0441\u043e\u0431\u0435\u043d\u043d\u044b\u0439 \u0438 \u0441\u043e \u0441\u0432\u043e\u0438\u043c \u043e\u0441\u043e\u0431\u044b\u043c \u043f\u043e\u0441\u044b\u043b\u043e\u043c. \u0418\u0437 \u043a\u0430\u0440\u043c\u0430\u043d\u0430 \u0441\u043b\u044b\u0448\u043d\u044b \u0442\u043e\u043b\u044c\u043a\u043e \u043e\u0440\u0438\u0433\u0438\u043d\u0430\u043b\u044c\u043d\u044b\u0435 \u0438\u0441\u0442\u043e\u0440\u0438\u0438, \u0432\u0435\u0441\u0435\u043b\u044b\u0435, \u0438\u0433\u0440\u043e\u0432\u044b\u0435, \u0437\u0430\u0445\u0432\u0430\u0442\u044b\u0432\u0430\u044e\u0449\u0438\u0435, \u0430 \u0442\u0430\u043a\u0436\u0435 \u043f\u043e\u0443\u0447\u0438\u0442\u0435\u043b\u044c\u043d\u044b\u0435. \u041c\u0430\u043b\u0435\u043d\u044c\u043a\u0430\u044f \u043f\u043e\u043c\u043e\u0449\u043d\u0438\u0446\u0430 \u0432 \u043a\u0430\u0440\u043c\u0430\u043d\u0435 \u0438\u0441\u0442\u043e\u0440\u0438\u0439 - \u043c\u0438\u043b\u0430\u044f \u0434\u0435\u0432\u043e\u0447\u043a\u0430 \u0414\u0435\u043b\u0438\u0441\u0430, \u043a\u043e\u0442\u043e\u0440\u0430\u044f \u0441 \u0431\u043e\u043b\u044c\u0448\u043e\u0439 \u0440\u0430\u0434\u043e\u0441\u0442\u044c\u044e \u0438 \u0443\u0441\u0435\u0440\u0434\u0438\u0435\u043c \u0440\u0438\u0441\u0443\u0435\u0442 \u043a\u0430\u0440\u0442\u0438\u043d\u043a\u0438 \u0434\u043b\u044f \u043a\u0430\u0436\u0434\u043e\u0439 \u043d\u043e\u0432\u043e\u0439 \u0438\u0441\u0442\u043e\u0440\u0438\u0438. - \"\u0420\u043e\u0436\u0434\u0435\u0441\u0442\u0432\u0435\u043d\u0441\u043a\u043e\u0435 [&hellip;]","og_url":"https:\/\/www.tkmangula.ee\/ru\/jututasku\/","og_site_name":"TKM\u00e4ngula","article_publisher":"https:\/\/www.facebook.com\/tkmangula.ee","article_modified_time":"2022-12-12T10:37:29+00:00","og_image":[{"width":1920,"height":823,"url":"https:\/\/www.tkmangula.ee\/wp-content\/uploads\/2021\/12\/TKMA\u0308NGULA_logo_2.png","type":"image\/png"}],"twitter_card":"summary_large_image","twitter_misc":{"\u041f\u0440\u0438\u043c\u0435\u0440\u043d\u043e\u0435 \u0432\u0440\u0435\u043c\u044f \u0434\u043b\u044f \u0447\u0442\u0435\u043d\u0438\u044f":"2 \u043c\u0438\u043d\u0443\u0442\u044b"},"schema":{"@context":"https:\/\/schema.org","@graph":[{"@type":"WebPage","@id":"https:\/\/www.tkmangula.ee\/ru\/jututasku\/","url":"https:\/\/www.tkmangula.ee\/ru\/jututasku\/","name":"\u041a\u0430\u0440\u043c\u0430\u043d \u0434\u043b\u044f \u0438\u0441\u0442\u043e\u0440\u0438\u0439 - TKM\u00e4ngula","isPartOf":{"@id":"https:\/\/tkmangula.ee\/#website"},"datePublished":"2022-02-07T09:44:06+00:00","dateModified":"2022-12-12T10:37:29+00:00","breadcrumb":{"@id":"https:\/\/www.tkmangula.ee\/ru\/jututasku\/#breadcrumb"},"inLanguage":"ru-RU","potentialAction":[{"@type":"ReadAction","target":["https:\/\/www.tkmangula.ee\/ru\/jututasku\/"]}]},{"@type":"BreadcrumbList","@id":"https:\/\/www.tkmangula.ee\/ru\/jututasku\/#breadcrumb","itemListElement":[{"@type":"ListItem","position":1,"name":"Home","item":"https:\/\/www.tkmangula.ee\/ru\/"},{"@type":"ListItem","position":2,"name":"\u041a\u0430\u0440\u043c\u0430\u043d \u0434\u043b\u044f \u0438\u0441\u0442\u043e\u0440\u0438\u0439"}]},{"@type":"WebSite","@id":"https:\/\/tkmangula.ee\/#website","url":"https:\/\/tkmangula.ee\/","name":"TKM\u00e4ngula","description":"Peojuht laste s\u00fcnnip\u00e4evadele ja pidudele","publisher":{"@id":"https:\/\/tkmangula.ee\/#organization"},"potentialAction":[{"@type":"SearchAction","target":{"@type":"EntryPoint","urlTemplate":"https:\/\/tkmangula.ee\/?s={search_term_string}"},"query-input":{"@type":"PropertyValueSpecification","valueRequired":true,"valueName":"search_term_string"}}],"inLanguage":"ru-RU"},{"@type":"Organization","@id":"https:\/\/tkmangula.ee\/#organization","name":"TK M\u00e4ngula","url":"https:\/\/tkmangula.ee\/","logo":{"@type":"ImageObject","inLanguage":"ru-RU","@id":"https:\/\/tkmangula.ee\/#\/schema\/logo\/image\/","url":"https:\/\/tkmangula.ee\/wp-content\/uploads\/2021\/12\/TKMA\u0308NGULA_logo.png","contentUrl":"https:\/\/tkmangula.ee\/wp-content\/uploads\/2021\/12\/TKMA\u0308NGULA_logo.png","width":1920,"height":1900,"caption":"TK M\u00e4ngula"},"image":{"@id":"https:\/\/tkmangula.ee\/#\/schema\/logo\/image\/"},"sameAs":["https:\/\/www.facebook.com\/tkmangula.ee"]}]}},"_links":{"self":[{"href":"https:\/\/www.tkmangula.ee\/ru\/wp-json\/wp\/v2\/pages\/2675","targetHints":{"allow":["GET"]}}],"collection":[{"href":"https:\/\/www.tkmangula.ee\/ru\/wp-json\/wp\/v2\/pages"}],"about":[{"href":"https:\/\/www.tkmangula.ee\/ru\/wp-json\/wp\/v2\/types\/page"}],"author":[{"embeddable":true,"href":"https:\/\/www.tkmangula.ee\/ru\/wp-json\/wp\/v2\/users\/4"}],"replies":[{"embeddable":true,"href":"https:\/\/www.tkmangula.ee\/ru\/wp-json\/wp\/v2\/comments?post=2675"}],"version-history":[{"count":5,"href":"https:\/\/www.tkmangula.ee\/ru\/wp-json\/wp\/v2\/pages\/2675\/revisions"}],"predecessor-version":[{"id":2701,"href":"https:\/\/www.tkmangula.ee\/ru\/wp-json\/wp\/v2\/pages\/2675\/revisions\/2701"}],"wp:attachment":[{"href":"https:\/\/www.tkmangula.ee\/ru\/wp-json\/wp\/v2\/media?parent=2675"}],"curies":[{"name":"wp","href":"https:\/\/api.w.org\/{rel}","templated":true}]}}